{"id":9318,"date":"2023-11-11T17:30:04","date_gmt":"2023-11-11T17:30:04","guid":{"rendered":"https:\/\/rahmati.fr\/?post_type=product&#038;p=9318"},"modified":"2026-03-29T21:42:47","modified_gmt":"2026-03-29T21:42:47","slug":"chachia-cairo-black","status":"publish","type":"product","link":"https:\/\/rahmati.fr\/en\/boutique\/chachiya\/chachia-cairo-black\/","title":{"rendered":"Chachia Cairo | noir"},"content":{"rendered":"<p>Guide des tailles :<br \/>\n(en tour de t\u00eate)<\/p>\n<p>55-56cm = M<br \/>\n57-59cm = L<br \/>\n60-61cm = XL<br \/>\n61-62cm = XXL<\/p>","protected":false},"excerpt":{"rendered":"<p>Explorez la maestria de l&rsquo;artisanat \u00e9gyptien \u00e0 travers notre Chachia Cairo. Chaque exemplaire de cette chachia est le fruit d&rsquo;un savoir-faire ancestral transmis de g\u00e9n\u00e9ration en g\u00e9n\u00e9ration dans les ruelles du Caire, o\u00f9 l&rsquo;art de la broderie et de la confection est une tradition bien ancr\u00e9e.<\/p>","protected":false},"featured_media":16736,"comment_status":"closed","ping_status":"closed","template":"","meta":{"_kadence_starter_templates_imported_post":false,"_kad_post_transparent":"default","_kad_post_title":"","_kad_post_layout":"default","_kad_post_sidebar_id":"","_kad_post_content_style":"default","_kad_post_vertical_padding":"default","_kad_post_feature":"","_kad_post_feature_position":"","_kad_post_header":false,"_kad_post_footer":false,"_kad_post_classname":""},"product_brand":[],"product_cat":[47,48],"product_tag":[],"class_list":{"0":"post-9318","1":"product","2":"type-product","3":"status-publish","4":"has-post-thumbnail","6":"product_cat-chachiya","7":"product_cat-vetements","9":"first","10":"instock","11":"featured","12":"shipping-taxable","13":"purchasable","14":"product-type-variable","15":"entry","16":"content-bg","17":"loop-entry"},"supplier_id":null,"supplier_sku":"","barcode":null,"atum_controlled":true,"out_stock_date":null,"out_stock_threshold":null,"inheritable":true,"inbound_stock":0,"stock_on_hold":0,"sold_today":0,"sales_last_days":0,"reserved_stock":0,"customer_returns":0,"warehouse_damage":0,"lost_in_post":0,"other_logs":0,"out_stock_days":0,"lost_sales":0,"has_location":false,"update_date":"2026-05-14T05:17:53","atum_locations":[],"atum_stock_status":"instock","restock_status":false,"low_stock_amount":"","sales_update_date":"2026-05-14T05:17:53","calc_backorders":null,"jetpack_sharing_enabled":true,"_links":{"self":[{"href":"https:\/\/rahmati.fr\/en\/wp-json\/wp\/v2\/product\/9318","targetHints":{"allow":["GET"]}}],"collection":[{"href":"https:\/\/rahmati.fr\/en\/wp-json\/wp\/v2\/product"}],"about":[{"href":"https:\/\/rahmati.fr\/en\/wp-json\/wp\/v2\/types\/product"}],"replies":[{"embeddable":true,"href":"https:\/\/rahmati.fr\/en\/wp-json\/wp\/v2\/comments?post=9318"}],"wp:featuredmedia":[{"embeddable":true,"href":"https:\/\/rahmati.fr\/en\/wp-json\/wp\/v2\/media\/16736"}],"wp:attachment":[{"href":"https:\/\/rahmati.fr\/en\/wp-json\/wp\/v2\/media?parent=9318"}],"wp:term":[{"taxonomy":"product_brand","embeddable":true,"href":"https:\/\/rahmati.fr\/en\/wp-json\/wp\/v2\/product_brand?post=9318"},{"taxonomy":"product_cat","embeddable":true,"href":"https:\/\/rahmati.fr\/en\/wp-json\/wp\/v2\/product_cat?post=9318"},{"taxonomy":"product_tag","embeddable":true,"href":"https:\/\/rahmati.fr\/en\/wp-json\/wp\/v2\/product_tag?post=9318"}],"curies":[{"name":"wp","href":"https:\/\/api.w.org\/{rel}","templated":true}]}}