{"id":17183,"date":"2026-03-02T21:02:01","date_gmt":"2026-03-02T21:02:01","guid":{"rendered":"https:\/\/rahmati.fr\/?post_type=product&#038;p=17183"},"modified":"2026-03-14T12:40:51","modified_gmt":"2026-03-14T12:40:51","slug":"tapis-de-medine-mada","status":"publish","type":"product","link":"https:\/\/rahmati.fr\/en\/boutique\/tapis\/tapis-de-medine-mada\/","title":{"rendered":"Tapis de M\u00e9dine | MADA"},"content":{"rendered":"<p>Plongez votre int\u00e9rieur dans l\u2019atmosph\u00e8re apaisante du Masjid Nabawi avec le tapis MADA, une pi\u00e8ce d\u2019exception aux motifs embl\u00e9matiques et raffin\u00e9s. Son design s\u2019inspire des d\u00e9tails architecturaux et des ornements \u00e9l\u00e9gants de la mosqu\u00e9e proph\u00e9tique, pour offrir un rendu \u00e0 la fois noble et spirituel.<br \/>\nConfectionn\u00e9 en Arabie Saoudite \u2013 Made in KSA \u2013 le tapis MADA incarne un savoir-faire authentique et une qualit\u00e9 irr\u00e9prochable. Sa texture douce et r\u00e9sistante assure confort et durabilit\u00e9, id\u00e9ale pour vos moments de recueillement comme pour sublimer votre espace de vie.<br \/>\nUn tapis qui ne se contente pas d\u2019habiller votre sol : il apporte une pr\u00e9sence, une histoire, une connexion. \u00c9l\u00e9gant, symbolique, intemporel.<\/p>","protected":false},"excerpt":{"rendered":"<p>Plongez votre int\u00e9rieur dans l\u2019atmosph\u00e8re apaisante du Masjid Nabawi avec le tapis MADA, une pi\u00e8ce d\u2019exception aux motifs embl\u00e9matiques et raffin\u00e9s. Son design s\u2019inspire des d\u00e9tails architecturaux et des ornements \u00e9l\u00e9gants de la mosqu\u00e9e proph\u00e9tique, pour offrir un rendu \u00e0 la fois noble et spirituel.<br \/>\nConfectionn\u00e9 en Arabie Saoudite \u2013 Made in KSA \u2013 le tapis MADA incarne un savoir-faire authentique et une qualit\u00e9 irr\u00e9prochable. Sa texture douce et r\u00e9sistante assure confort et durabilit\u00e9, id\u00e9ale pour vos moments de recueillement comme pour sublimer votre espace de vie.<br \/>\nUn tapis qui ne se contente pas d\u2019habiller votre sol : il apporte une pr\u00e9sence, une histoire, une connexion. \u00c9l\u00e9gant, symbolique, intemporel.<\/p>","protected":false},"featured_media":17185,"comment_status":"open","ping_status":"closed","template":"","meta":{"_kadence_starter_templates_imported_post":false,"_kad_post_transparent":"default","_kad_post_title":"","_kad_post_layout":"default","_kad_post_sidebar_id":"","_kad_post_content_style":"default","_kad_post_vertical_padding":"default","_kad_post_feature":"","_kad_post_feature_position":"","_kad_post_header":false,"_kad_post_footer":false,"_kad_post_classname":""},"product_brand":[],"product_cat":[94],"product_tag":[],"class_list":{"0":"post-17183","1":"product","2":"type-product","3":"status-publish","4":"has-post-thumbnail","6":"product_cat-tapis","8":"first","9":"instock","10":"shipping-taxable","11":"purchasable","12":"product-type-simple","13":"entry","14":"content-bg","15":"loop-entry"},"supplier_id":null,"supplier_sku":"","barcode":null,"atum_controlled":true,"out_stock_date":null,"out_stock_threshold":null,"inheritable":false,"inbound_stock":null,"stock_on_hold":0,"sold_today":0,"sales_last_days":0,"reserved_stock":null,"customer_returns":null,"warehouse_damage":null,"lost_in_post":null,"other_logs":null,"out_stock_days":0,"lost_sales":0,"has_location":false,"update_date":"2026-04-19T01:55:33","atum_locations":[],"atum_stock_status":"instock","restock_status":false,"low_stock_amount":"","sales_update_date":"2026-04-19T01:55:33","calc_backorders":null,"jetpack_sharing_enabled":true,"_links":{"self":[{"href":"https:\/\/rahmati.fr\/en\/wp-json\/wp\/v2\/product\/17183","targetHints":{"allow":["GET"]}}],"collection":[{"href":"https:\/\/rahmati.fr\/en\/wp-json\/wp\/v2\/product"}],"about":[{"href":"https:\/\/rahmati.fr\/en\/wp-json\/wp\/v2\/types\/product"}],"replies":[{"embeddable":true,"href":"https:\/\/rahmati.fr\/en\/wp-json\/wp\/v2\/comments?post=17183"}],"wp:featuredmedia":[{"embeddable":true,"href":"https:\/\/rahmati.fr\/en\/wp-json\/wp\/v2\/media\/17185"}],"wp:attachment":[{"href":"https:\/\/rahmati.fr\/en\/wp-json\/wp\/v2\/media?parent=17183"}],"wp:term":[{"taxonomy":"product_brand","embeddable":true,"href":"https:\/\/rahmati.fr\/en\/wp-json\/wp\/v2\/product_brand?post=17183"},{"taxonomy":"product_cat","embeddable":true,"href":"https:\/\/rahmati.fr\/en\/wp-json\/wp\/v2\/product_cat?post=17183"},{"taxonomy":"product_tag","embeddable":true,"href":"https:\/\/rahmati.fr\/en\/wp-json\/wp\/v2\/product_tag?post=17183"}],"curies":[{"name":"wp","href":"https:\/\/api.w.org\/{rel}","templated":true}]}}