{"id":16989,"date":"2026-02-11T12:42:42","date_gmt":"2026-02-11T12:42:42","guid":{"rendered":"https:\/\/rahmati.fr\/?post_type=product&#038;p=16989"},"modified":"2026-03-08T01:00:04","modified_gmt":"2026-03-08T01:00:04","slug":"qamis-royal-creme","status":"publish","type":"product","link":"https:\/\/rahmati.fr\/en\/boutique\/qamis\/qamis-royal-creme\/","title":{"rendered":"Qamis Royal | cr\u00e8me"},"content":{"rendered":"<p>Disponible en blanc et en cr\u00e8me, le Qamis Royal allie sobri\u00e9t\u00e9 et distinction.<br \/>\nCol rond structur\u00e9, fermeture zipp\u00e9e discr\u00e8te et deux boutons dor\u00e9s au col pour une touche \u00e9l\u00e9gante.<br \/>\nUne coupe fluide et raffin\u00e9e, id\u00e9ale pour les grandes occasions comme au quotidien.<\/p>","protected":false},"excerpt":{"rendered":"<p>Disponible en blanc et en cr\u00e8me, le Qamis Royal allie sobri\u00e9t\u00e9 et distinction.<br \/>\nCol rond structur\u00e9, fermeture zipp\u00e9e discr\u00e8te et deux boutons dor\u00e9s au col pour une touche \u00e9l\u00e9gante.<br \/>\nUne coupe fluide et raffin\u00e9e, id\u00e9ale pour les grandes occasions comme au quotidien.<\/p>","protected":false},"featured_media":16983,"comment_status":"open","ping_status":"closed","template":"","meta":{"_kadence_starter_templates_imported_post":false,"_kad_post_transparent":"default","_kad_post_title":"","_kad_post_layout":"default","_kad_post_sidebar_id":"","_kad_post_content_style":"default","_kad_post_vertical_padding":"default","_kad_post_feature":"","_kad_post_feature_position":"","_kad_post_header":false,"_kad_post_footer":false,"_kad_post_classname":""},"product_brand":[],"product_cat":[44],"product_tag":[],"class_list":{"0":"post-16989","1":"product","2":"type-product","3":"status-publish","4":"has-post-thumbnail","6":"product_cat-qamis","8":"first","9":"instock","10":"shipping-taxable","11":"purchasable","12":"product-type-variable","13":"entry","14":"content-bg","15":"loop-entry"},"supplier_id":null,"supplier_sku":"","barcode":null,"atum_controlled":true,"out_stock_date":null,"out_stock_threshold":null,"inheritable":true,"inbound_stock":null,"stock_on_hold":0,"sold_today":0,"sales_last_days":0,"reserved_stock":null,"customer_returns":null,"warehouse_damage":null,"lost_in_post":null,"other_logs":null,"out_stock_days":0,"lost_sales":0,"has_location":false,"update_date":"2026-05-14T05:17:50","atum_locations":[],"atum_stock_status":"instock","restock_status":false,"low_stock_amount":"","sales_update_date":"2026-05-14T05:17:50","calc_backorders":null,"jetpack_sharing_enabled":true,"_links":{"self":[{"href":"https:\/\/rahmati.fr\/en\/wp-json\/wp\/v2\/product\/16989","targetHints":{"allow":["GET"]}}],"collection":[{"href":"https:\/\/rahmati.fr\/en\/wp-json\/wp\/v2\/product"}],"about":[{"href":"https:\/\/rahmati.fr\/en\/wp-json\/wp\/v2\/types\/product"}],"replies":[{"embeddable":true,"href":"https:\/\/rahmati.fr\/en\/wp-json\/wp\/v2\/comments?post=16989"}],"wp:featuredmedia":[{"embeddable":true,"href":"https:\/\/rahmati.fr\/en\/wp-json\/wp\/v2\/media\/16983"}],"wp:attachment":[{"href":"https:\/\/rahmati.fr\/en\/wp-json\/wp\/v2\/media?parent=16989"}],"wp:term":[{"taxonomy":"product_brand","embeddable":true,"href":"https:\/\/rahmati.fr\/en\/wp-json\/wp\/v2\/product_brand?post=16989"},{"taxonomy":"product_cat","embeddable":true,"href":"https:\/\/rahmati.fr\/en\/wp-json\/wp\/v2\/product_cat?post=16989"},{"taxonomy":"product_tag","embeddable":true,"href":"https:\/\/rahmati.fr\/en\/wp-json\/wp\/v2\/product_tag?post=16989"}],"curies":[{"name":"wp","href":"https:\/\/api.w.org\/{rel}","templated":true}]}}