{"id":16602,"date":"2025-12-16T13:38:05","date_gmt":"2025-12-16T13:38:05","guid":{"rendered":"https:\/\/rahmati.fr\/?post_type=product&#038;p=16602"},"modified":"2026-02-09T16:54:57","modified_gmt":"2026-02-09T16:54:57","slug":"vision-rouge-or-copie","status":"publish","type":"product","link":"https:\/\/rahmati.fr\/en\/boutique\/shemagh\/vision-rouge-or-copie\/","title":{"rendered":"Vision | Rouge"},"content":{"rendered":"<p>Le Shemagh Rouge Or incarne l&rsquo;\u00e9l\u00e9gance vibrante avec sa teinte pourpre raffin\u00e9e. Cet accessoire polyvalent allie style et fonctionnalit\u00e9, offrant une option chic pour compl\u00e9ter votre garde-robe. Fabriqu\u00e9 avec pr\u00e9cision, ce Shemagh allie confort et esth\u00e9tique, faisant de lui un choix id\u00e9al pour diff\u00e9rentes occasions.<\/p>","protected":false},"excerpt":{"rendered":"<p>Le Shemagh Rouge Or  incarne l&rsquo;\u00e9l\u00e9gance vibrante avec sa teinte pourpre raffin\u00e9e. Cet accessoire polyvalent allie style et fonctionnalit\u00e9, offrant une option chic pour compl\u00e9ter votre garde-robe. Fabriqu\u00e9 avec pr\u00e9cision, ce Shemagh allie confort et esth\u00e9tique, faisant de lui un choix id\u00e9al pour diff\u00e9rentes occasions.<\/p>","protected":false},"featured_media":16886,"comment_status":"closed","ping_status":"closed","template":"","meta":{"_kadence_starter_templates_imported_post":false,"_kad_post_transparent":"default","_kad_post_title":"","_kad_post_layout":"default","_kad_post_sidebar_id":"","_kad_post_content_style":"default","_kad_post_vertical_padding":"default","_kad_post_feature":"","_kad_post_feature_position":"","_kad_post_header":false,"_kad_post_footer":false,"_kad_post_classname":""},"product_brand":[],"product_cat":[46,48],"product_tag":[],"class_list":{"0":"post-16602","1":"product","2":"type-product","3":"status-publish","4":"has-post-thumbnail","6":"product_cat-shemagh","7":"product_cat-vetements","9":"first","10":"instock","11":"featured","12":"shipping-taxable","13":"purchasable","14":"product-type-simple","15":"entry","16":"content-bg","17":"loop-entry"},"supplier_id":null,"supplier_sku":"","barcode":null,"atum_controlled":true,"out_stock_date":null,"out_stock_threshold":null,"inheritable":false,"inbound_stock":0,"stock_on_hold":0,"sold_today":0,"sales_last_days":0,"reserved_stock":0,"customer_returns":0,"warehouse_damage":0,"lost_in_post":0,"other_logs":0,"out_stock_days":0,"lost_sales":0,"has_location":false,"update_date":"2026-05-14T05:17:55","atum_locations":[],"atum_stock_status":"instock","restock_status":false,"low_stock_amount":"","sales_update_date":"2026-05-14T05:17:55","calc_backorders":null,"jetpack_sharing_enabled":true,"_links":{"self":[{"href":"https:\/\/rahmati.fr\/en\/wp-json\/wp\/v2\/product\/16602","targetHints":{"allow":["GET"]}}],"collection":[{"href":"https:\/\/rahmati.fr\/en\/wp-json\/wp\/v2\/product"}],"about":[{"href":"https:\/\/rahmati.fr\/en\/wp-json\/wp\/v2\/types\/product"}],"replies":[{"embeddable":true,"href":"https:\/\/rahmati.fr\/en\/wp-json\/wp\/v2\/comments?post=16602"}],"wp:featuredmedia":[{"embeddable":true,"href":"https:\/\/rahmati.fr\/en\/wp-json\/wp\/v2\/media\/16886"}],"wp:attachment":[{"href":"https:\/\/rahmati.fr\/en\/wp-json\/wp\/v2\/media?parent=16602"}],"wp:term":[{"taxonomy":"product_brand","embeddable":true,"href":"https:\/\/rahmati.fr\/en\/wp-json\/wp\/v2\/product_brand?post=16602"},{"taxonomy":"product_cat","embeddable":true,"href":"https:\/\/rahmati.fr\/en\/wp-json\/wp\/v2\/product_cat?post=16602"},{"taxonomy":"product_tag","embeddable":true,"href":"https:\/\/rahmati.fr\/en\/wp-json\/wp\/v2\/product_tag?post=16602"}],"curies":[{"name":"wp","href":"https:\/\/api.w.org\/{rel}","templated":true}]}}