{"id":16601,"date":"2025-12-16T13:16:08","date_gmt":"2025-12-16T13:16:08","guid":{"rendered":"https:\/\/rahmati.fr\/?post_type=product&#038;p=16601"},"modified":"2026-05-02T11:59:07","modified_gmt":"2026-05-02T11:59:07","slug":"shemagh-volcano-rouge-blanc","status":"publish","type":"product","link":"https:\/\/rahmati.fr\/en\/boutique\/shemagh\/shemagh-volcano-rouge-blanc\/","title":{"rendered":"Shemagh Volcano | Rouge  Blanc"},"content":{"rendered":"<p>Shemagh Volcano Rouge  Blanc  est l&rsquo;alliance parfaite entre tradition et style moderne. Ses motifs classiques rouge et blanc sont tiss\u00e9s avec soin pour un rendu impeccable, tandis que le tissu, l\u00e9ger et respirant, garantit un confort au quotidien. Ce shemagh ne se contente pas d\u2019\u00eatre un simple accessoire, il vous accompagne avec classe et distinction.  Il fait forte impression d\u00e8s le premier regard. Parfait pour un usage personnel ou \u00e0 offrir, ce shemagh allie qualit\u00e9 et sophistication dans chaque d\u00e9tail.<\/p>","protected":false},"excerpt":{"rendered":"<p>Shemagh Volcano Rouge  Blanc  est l&rsquo;alliance parfaite entre tradition et style moderne. Ses motifs classiques rouge et blanc sont tiss\u00e9s avec soin pour un rendu impeccable, tandis que le tissu, l\u00e9ger et respirant, garantit un confort au quotidien. Ce shemagh ne se contente pas d\u2019\u00eatre un simple accessoire, il vous accompagne avec classe et distinction. Il fait forte impression d\u00e8s le premier regard. Parfait pour un usage personnel ou \u00e0 offrir, ce shemagh allie qualit\u00e9 et sophistication dans chaque d\u00e9tail.<\/p>","protected":false},"featured_media":16881,"comment_status":"closed","ping_status":"closed","template":"","meta":{"_kadence_starter_templates_imported_post":false,"_kad_post_transparent":"default","_kad_post_title":"","_kad_post_layout":"default","_kad_post_sidebar_id":"","_kad_post_content_style":"default","_kad_post_vertical_padding":"default","_kad_post_feature":"","_kad_post_feature_position":"","_kad_post_header":false,"_kad_post_footer":false,"_kad_post_classname":""},"product_brand":[],"product_cat":[46,48],"product_tag":[],"class_list":{"0":"post-16601","1":"product","2":"type-product","3":"status-publish","4":"has-post-thumbnail","6":"product_cat-shemagh","7":"product_cat-vetements","9":"first","10":"instock","11":"featured","12":"shipping-taxable","13":"purchasable","14":"product-type-simple","15":"entry","16":"content-bg","17":"loop-entry"},"supplier_id":null,"supplier_sku":"","barcode":null,"atum_controlled":true,"out_stock_date":null,"out_stock_threshold":null,"inheritable":false,"inbound_stock":0,"stock_on_hold":1,"sold_today":0,"sales_last_days":1,"reserved_stock":0,"customer_returns":0,"warehouse_damage":0,"lost_in_post":0,"other_logs":0,"out_stock_days":0,"lost_sales":0,"has_location":false,"update_date":"2026-05-14T05:17:55","atum_locations":[],"atum_stock_status":"instock","restock_status":false,"low_stock_amount":"","sales_update_date":"2026-05-14T05:17:55","calc_backorders":null,"jetpack_sharing_enabled":true,"_links":{"self":[{"href":"https:\/\/rahmati.fr\/en\/wp-json\/wp\/v2\/product\/16601","targetHints":{"allow":["GET"]}}],"collection":[{"href":"https:\/\/rahmati.fr\/en\/wp-json\/wp\/v2\/product"}],"about":[{"href":"https:\/\/rahmati.fr\/en\/wp-json\/wp\/v2\/types\/product"}],"replies":[{"embeddable":true,"href":"https:\/\/rahmati.fr\/en\/wp-json\/wp\/v2\/comments?post=16601"}],"wp:featuredmedia":[{"embeddable":true,"href":"https:\/\/rahmati.fr\/en\/wp-json\/wp\/v2\/media\/16881"}],"wp:attachment":[{"href":"https:\/\/rahmati.fr\/en\/wp-json\/wp\/v2\/media?parent=16601"}],"wp:term":[{"taxonomy":"product_brand","embeddable":true,"href":"https:\/\/rahmati.fr\/en\/wp-json\/wp\/v2\/product_brand?post=16601"},{"taxonomy":"product_cat","embeddable":true,"href":"https:\/\/rahmati.fr\/en\/wp-json\/wp\/v2\/product_cat?post=16601"},{"taxonomy":"product_tag","embeddable":true,"href":"https:\/\/rahmati.fr\/en\/wp-json\/wp\/v2\/product_tag?post=16601"}],"curies":[{"name":"wp","href":"https:\/\/api.w.org\/{rel}","templated":true}]}}