{"id":16500,"date":"2025-12-09T20:37:12","date_gmt":"2025-12-09T20:37:12","guid":{"rendered":"https:\/\/rahmati.fr\/?post_type=product&#038;p=16500"},"modified":"2026-03-22T15:08:48","modified_gmt":"2026-03-22T15:08:48","slug":"farwa-reversible-2","status":"publish","type":"product","link":"https:\/\/rahmati.fr\/en\/boutique\/vestes-farwa\/farwa-reversible-2\/","title":{"rendered":"Farwa | r\u00e9versible"},"content":{"rendered":"","protected":false},"excerpt":{"rendered":"<p>D\u00e9couvrez notre Gilet Farwa Prestige, une pi\u00e8ce incontournable con\u00e7ue pour apporter \u00e9l\u00e9gance et confort \u00e0 votre tenue. Confectionn\u00e9 dans un tissu doux fa\u00e7on daim, agr\u00e9able au toucher, r\u00e9sistant et issus de mati\u00e8res \u00e9thiques. Ce gilet offre un style raffin\u00e9 tout en restant tr\u00e8s confortable au quotidien.<br \/>\nCe mod\u00e8le est r\u00e9versible, vous permettant de changer de style en un instant selon l\u2019occasion ou votre tenue. Sa coupe soign\u00e9e apporte une allure moderne tout en respectant l\u2019esth\u00e9tique traditionnelle.<\/p>\n<p>Notre collection se d\u00e9cline en plusieurs styles pour r\u00e9pondre \u00e0 tous les go\u00fbts :<br \/>\nmod\u00e8les avec col,<br \/>\nmod\u00e8les sans col,<br \/>\nversions zipp\u00e9es,<br \/>\nversions \u00e0 boutons.<\/p>\n<p>Polyvalent, le Gilet Farwa Prestige peut se porter : sur un qamis, avec une tenue plus d\u00e9contract\u00e9e,<br \/>\nou m\u00eame par-dessus une tenue habill\u00e9e.<\/p>\n<p>Il s\u2019adapte \u00e0 tous les styles et toutes les saisons, apportant une touche d\u2019\u00e9l\u00e9gance discr\u00e8te et intemporelle.<\/p>","protected":false},"featured_media":16806,"comment_status":"open","ping_status":"closed","template":"","meta":{"_kadence_starter_templates_imported_post":false,"_kad_post_transparent":"default","_kad_post_title":"","_kad_post_layout":"default","_kad_post_sidebar_id":"","_kad_post_content_style":"default","_kad_post_vertical_padding":"default","_kad_post_feature":"","_kad_post_feature_position":"","_kad_post_header":false,"_kad_post_footer":false,"_kad_post_classname":""},"product_brand":[],"product_cat":[74,48],"product_tag":[],"class_list":{"0":"post-16500","1":"product","2":"type-product","3":"status-publish","4":"has-post-thumbnail","6":"product_cat-vestes-farwa","7":"product_cat-vetements","9":"first","10":"instock","11":"featured","12":"shipping-taxable","13":"purchasable","14":"product-type-variable","15":"entry","16":"content-bg","17":"loop-entry"},"supplier_id":null,"supplier_sku":"","barcode":null,"atum_controlled":true,"out_stock_date":null,"out_stock_threshold":null,"inheritable":true,"inbound_stock":0,"stock_on_hold":0,"sold_today":0,"sales_last_days":0,"reserved_stock":0,"customer_returns":0,"warehouse_damage":0,"lost_in_post":0,"other_logs":0,"out_stock_days":0,"lost_sales":0,"has_location":false,"update_date":"2026-05-14T05:17:51","atum_locations":[],"atum_stock_status":"instock","restock_status":false,"low_stock_amount":"","sales_update_date":"2026-05-14T05:17:51","calc_backorders":null,"jetpack_sharing_enabled":true,"_links":{"self":[{"href":"https:\/\/rahmati.fr\/en\/wp-json\/wp\/v2\/product\/16500","targetHints":{"allow":["GET"]}}],"collection":[{"href":"https:\/\/rahmati.fr\/en\/wp-json\/wp\/v2\/product"}],"about":[{"href":"https:\/\/rahmati.fr\/en\/wp-json\/wp\/v2\/types\/product"}],"replies":[{"embeddable":true,"href":"https:\/\/rahmati.fr\/en\/wp-json\/wp\/v2\/comments?post=16500"}],"wp:featuredmedia":[{"embeddable":true,"href":"https:\/\/rahmati.fr\/en\/wp-json\/wp\/v2\/media\/16806"}],"wp:attachment":[{"href":"https:\/\/rahmati.fr\/en\/wp-json\/wp\/v2\/media?parent=16500"}],"wp:term":[{"taxonomy":"product_brand","embeddable":true,"href":"https:\/\/rahmati.fr\/en\/wp-json\/wp\/v2\/product_brand?post=16500"},{"taxonomy":"product_cat","embeddable":true,"href":"https:\/\/rahmati.fr\/en\/wp-json\/wp\/v2\/product_cat?post=16500"},{"taxonomy":"product_tag","embeddable":true,"href":"https:\/\/rahmati.fr\/en\/wp-json\/wp\/v2\/product_tag?post=16500"}],"curies":[{"name":"wp","href":"https:\/\/api.w.org\/{rel}","templated":true}]}}