{"id":16252,"date":"2025-11-24T21:27:04","date_gmt":"2025-11-24T21:27:04","guid":{"rendered":"https:\/\/rahmati.fr\/?post_type=product&#038;p=16252"},"modified":"2026-03-12T22:06:47","modified_gmt":"2026-03-12T22:06:47","slug":"qamis-madina-marron-clair","status":"publish","type":"product","link":"https:\/\/rahmati.fr\/en\/boutique\/qamis\/qamis-madina-marron-clair\/","title":{"rendered":"Qamis Madina | Marron Clair"},"content":{"rendered":"","protected":false},"excerpt":{"rendered":"<p>D\u00e9couvrez le Qamis Madina.<br \/>\nConfectionn\u00e9 dans un tissu hivernal de haute qualit\u00e9, \u00e9pais et parfaitement adapt\u00e9 au froid, ce mod\u00e8le allie confort et \u00e9l\u00e9gance. Son tissu r\u00e9sistant, difficilement froissable, et qui reste bien pli\u00e9 dans le temps, vous assure une allure soign\u00e9e en toute circonstance.<\/p>\n<p>Un Qamis qui offre une allure intemporelle, pens\u00e9 pour ceux qui recherchent un v\u00eatement \u00e0 la fois chic, pratique et raffin\u00e9.<br \/>\nUn \u00e9quilibre subtil entre modernit\u00e9, tradition et finesse.<\/p>","protected":false},"featured_media":16964,"comment_status":"open","ping_status":"closed","template":"","meta":{"_kadence_starter_templates_imported_post":false,"_kad_post_transparent":"default","_kad_post_title":"","_kad_post_layout":"default","_kad_post_sidebar_id":"","_kad_post_content_style":"default","_kad_post_vertical_padding":"default","_kad_post_feature":"","_kad_post_feature_position":"","_kad_post_header":false,"_kad_post_footer":false,"_kad_post_classname":""},"product_brand":[],"product_cat":[44],"product_tag":[],"class_list":{"0":"post-16252","1":"product","2":"type-product","3":"status-publish","4":"has-post-thumbnail","6":"product_cat-qamis","8":"first","9":"instock","10":"shipping-taxable","11":"purchasable","12":"product-type-variable","13":"entry","14":"content-bg","15":"loop-entry"},"supplier_id":null,"supplier_sku":"","barcode":null,"atum_controlled":true,"out_stock_date":null,"out_stock_threshold":null,"inheritable":true,"inbound_stock":0,"stock_on_hold":0,"sold_today":0,"sales_last_days":0,"reserved_stock":0,"customer_returns":0,"warehouse_damage":0,"lost_in_post":0,"other_logs":0,"out_stock_days":0,"lost_sales":0,"has_location":false,"update_date":"2026-05-14T05:17:54","atum_locations":[],"atum_stock_status":"instock","restock_status":false,"low_stock_amount":"","sales_update_date":"2026-05-14T05:17:54","calc_backorders":null,"jetpack_sharing_enabled":true,"_links":{"self":[{"href":"https:\/\/rahmati.fr\/en\/wp-json\/wp\/v2\/product\/16252","targetHints":{"allow":["GET"]}}],"collection":[{"href":"https:\/\/rahmati.fr\/en\/wp-json\/wp\/v2\/product"}],"about":[{"href":"https:\/\/rahmati.fr\/en\/wp-json\/wp\/v2\/types\/product"}],"replies":[{"embeddable":true,"href":"https:\/\/rahmati.fr\/en\/wp-json\/wp\/v2\/comments?post=16252"}],"wp:featuredmedia":[{"embeddable":true,"href":"https:\/\/rahmati.fr\/en\/wp-json\/wp\/v2\/media\/16964"}],"wp:attachment":[{"href":"https:\/\/rahmati.fr\/en\/wp-json\/wp\/v2\/media?parent=16252"}],"wp:term":[{"taxonomy":"product_brand","embeddable":true,"href":"https:\/\/rahmati.fr\/en\/wp-json\/wp\/v2\/product_brand?post=16252"},{"taxonomy":"product_cat","embeddable":true,"href":"https:\/\/rahmati.fr\/en\/wp-json\/wp\/v2\/product_cat?post=16252"},{"taxonomy":"product_tag","embeddable":true,"href":"https:\/\/rahmati.fr\/en\/wp-json\/wp\/v2\/product_tag?post=16252"}],"curies":[{"name":"wp","href":"https:\/\/api.w.org\/{rel}","templated":true}]}}