{"id":16044,"date":"2025-09-17T13:50:26","date_gmt":"2025-09-17T13:50:26","guid":{"rendered":"https:\/\/rahmati.fr\/?post_type=product&#038;p=16044"},"modified":"2026-05-02T11:59:08","modified_gmt":"2026-05-02T11:59:08","slug":"parfum-specific-breez-loui-martin","status":"publish","type":"product","link":"https:\/\/rahmati.fr\/en\/boutique\/parfumerie\/parfum-specific-breez-loui-martin\/","title":{"rendered":"Parfum Specific Breez | Loui Martin"},"content":{"rendered":"<p>Specific Breeze de Loui Martin, c\u2019est de l\u2019all\u00e9gresse et de la douceur en continu au coeur d\u2019une eau de parfum concentr\u00e9. D\u00e9couvrez tout le r\u00e9confort qu\u2019offre ce produit au coeur de la parfumerie en ligne Muscorient. Un condens\u00e9 subtil qui n\u2019attend que vous pour \u00e9pouser votre sillage durant toute la journ\u00e9e.<\/p>\n<h2>Fruit\u00e9, hesp\u00e9rid\u00e9 et aromatique pour s\u00e9duire votre odorat<\/h2>\n<p>C\u2019est ce que traduit toute la palette d\u2019ar\u00f4me qui \u00e9mane du premier accord olfactif. A savoir des notes ensoleill\u00e9es d\u2019agrumes qui apportent de la joie par leurs notes rest\u00e9es et sucr\u00e9es. De la gourmandise et de la douceur par la subtilit\u00e9 juteuse des fruits rouges. Enfin, un l\u00e9ger c\u00f4t\u00e9 piquant et aromatique avec les aromates pr\u00e9sents qui donnent encore plus de fra\u00eecheur et d\u2019intensit\u00e9.<\/p>\n<h2>Specific Breeze et sa douceur relative tr\u00e8s plaisante<\/h2>\n<p>Cette eau de parfum Loui martin se manifeste par une douceur tr\u00e8s agr\u00e9able \u00e0 ressentir. C\u2019est un parfum qui met \u00e0 l\u2019honneur des odeurs douces et mesur\u00e9es offrant \u00e0 la fois de la discr\u00e9tion dans un sillage d\u00e9licieux. La note de coeur suit donc la m\u00eame logique avec <a href=\"https:\/\/muscorient.com\/accueil\/511-soleil-d-arabie-eau-de-parfum-65-ml-5060815007712.html\" target=\"_blank\" rel=\"noopener\">des notes sucr\u00e9es tr\u00e8s plaisantes ressortant de l\u2019abricot<\/a> et du miel. De l\u2019aromate pour donner de la tonicit\u00e9 et une note verte tr\u00e8s plaisante. Enfin, des \u00e9pices douces qui ajoutent du prestige dans une enveloppe plaisante et mesur\u00e9e. Pour finir, Specific Breeze nous quitte avec une l\u00e9g\u00e8re odeur musqu\u00e9e d\u2019ambrette. Cette plante permet de capter tous les ar\u00f4mes s\u00e9duisant de cette fragrance. Les douceurs fruit\u00e9es pr\u00e9sentes au coeur de cette note de fonds ne font qu\u2019ajouter prestige et rondeur pour le plaisir d notre odorat.<\/p>","protected":false},"excerpt":{"rendered":"<p class=\"h3\">Ingr\u00e9dients<\/p>\n<table class=\"table-params table-params-composition\">\n<tbody>\n<tr>\n<td><strong>T\u00eate<\/strong><\/td>\n<td>Citron acidul\u00e9, Orange, Menthe fra\u00eeche, Fruits Rouge, Coriandre aromatique<\/td>\n<\/tr>\n<tr>\n<td><strong>Le c\u0153ur<\/strong><\/td>\n<td>Abricot , Basilic, Miel et \u00e9pices douce<\/td>\n<\/tr>\n<tr>\n<td><strong>Contexte<\/strong><\/td>\n<td><span style=\"font-family: var(--global-body-font-family);\">Figue, Dattes mielleuses, Musc d&rsquo;Ambrette<\/span><\/td>\n<\/tr>\n<\/tbody>\n<\/table>\n<p><span style=\"font-family: var(--global-body-font-family);\">Inspiration : Pacific Chill, Louis Vuitton<\/span><\/p>\n<p>100ml<\/p>","protected":false},"featured_media":16049,"comment_status":"open","ping_status":"closed","template":"","meta":{"_kadence_starter_templates_imported_post":false,"_kad_post_transparent":"default","_kad_post_title":"","_kad_post_layout":"default","_kad_post_sidebar_id":"","_kad_post_content_style":"default","_kad_post_vertical_padding":"default","_kad_post_feature":"","_kad_post_feature_position":"","_kad_post_header":false,"_kad_post_footer":false,"_kad_post_classname":""},"product_brand":[],"product_cat":[45],"product_tag":[],"class_list":{"0":"post-16044","1":"product","2":"type-product","3":"status-publish","4":"has-post-thumbnail","6":"product_cat-parfumerie","8":"first","9":"outofstock","10":"shipping-taxable","11":"purchasable","12":"product-type-simple","13":"entry","14":"content-bg","15":"loop-entry"},"supplier_id":null,"supplier_sku":"","barcode":null,"atum_controlled":true,"out_stock_date":"2026-05-02 11:59:08","out_stock_threshold":null,"inheritable":false,"inbound_stock":0,"stock_on_hold":1,"sold_today":0,"sales_last_days":1,"reserved_stock":0,"customer_returns":0,"warehouse_damage":0,"lost_in_post":0,"other_logs":0,"out_stock_days":4,"lost_sales":19,"has_location":false,"update_date":"2026-05-07T04:51:44","atum_locations":[],"atum_stock_status":"outofstock","restock_status":false,"low_stock_amount":"","sales_update_date":"2026-05-07T04:51:44","calc_backorders":null,"jetpack_sharing_enabled":true,"_links":{"self":[{"href":"https:\/\/rahmati.fr\/en\/wp-json\/wp\/v2\/product\/16044","targetHints":{"allow":["GET"]}}],"collection":[{"href":"https:\/\/rahmati.fr\/en\/wp-json\/wp\/v2\/product"}],"about":[{"href":"https:\/\/rahmati.fr\/en\/wp-json\/wp\/v2\/types\/product"}],"replies":[{"embeddable":true,"href":"https:\/\/rahmati.fr\/en\/wp-json\/wp\/v2\/comments?post=16044"}],"wp:featuredmedia":[{"embeddable":true,"href":"https:\/\/rahmati.fr\/en\/wp-json\/wp\/v2\/media\/16049"}],"wp:attachment":[{"href":"https:\/\/rahmati.fr\/en\/wp-json\/wp\/v2\/media?parent=16044"}],"wp:term":[{"taxonomy":"product_brand","embeddable":true,"href":"https:\/\/rahmati.fr\/en\/wp-json\/wp\/v2\/product_brand?post=16044"},{"taxonomy":"product_cat","embeddable":true,"href":"https:\/\/rahmati.fr\/en\/wp-json\/wp\/v2\/product_cat?post=16044"},{"taxonomy":"product_tag","embeddable":true,"href":"https:\/\/rahmati.fr\/en\/wp-json\/wp\/v2\/product_tag?post=16044"}],"curies":[{"name":"wp","href":"https:\/\/api.w.org\/{rel}","templated":true}]}}