{"id":16043,"date":"2025-09-17T13:50:26","date_gmt":"2025-09-17T13:50:26","guid":{"rendered":"https:\/\/rahmati.fr\/?post_type=product&#038;p=16043"},"modified":"2026-02-04T11:49:42","modified_gmt":"2026-02-04T11:49:42","slug":"parfum-opulent-dubai-lattafa","status":"publish","type":"product","link":"https:\/\/rahmati.fr\/en\/boutique\/parfumerie\/parfum-opulent-dubai-lattafa\/","title":{"rendered":"Parfum Opulent Dubai | Lattafa"},"content":{"rendered":"<p data-start=\"542\" data-end=\"766\"><strong data-start=\"444\" data-end=\"461\">Opulent Dubai<\/strong> de <strong data-start=\"465\" data-end=\"476\">Lattafa<\/strong> est une fragrance puissante, luxueuse et solaire, <strong data-start=\"527\" data-end=\"590\">inspir\u00e9e du c\u00e9l\u00e8bre <em data-start=\"549\" data-end=\"562\">God of Fire<\/em> de St\u00e9phane Humbert Lucas<\/strong>. Un parfum captivant, \u00e0 la crois\u00e9e des tropiques et de l\u2019Orient, qui m\u00eale fruits exotiques juteux, notes sucr\u00e9es et fond ambr\u00e9 chaud.<\/p>","protected":false},"excerpt":{"rendered":"<p class=\"h3\">Ingr\u00e9dients<\/p>\n<table class=\"table-params table-params-composition\">\n<tbody>\n<tr>\n<td><strong>T\u00eate<\/strong><\/td>\n<td>Mangue, Citron, Pamplemousse et Gingembre<\/td>\n<\/tr>\n<tr>\n<td><strong>Le c\u0153ur<\/strong><\/td>\n<td>Jasmin, C\u00e8dre et Violette<\/td>\n<\/tr>\n<tr>\n<td><strong>Contexte<\/strong><\/td>\n<td><span style=\"font-family: var(--global-body-font-family);\">Benjoin, Ambre gris et Mousse de ch\u00eane.<\/span><\/td>\n<\/tr>\n<\/tbody>\n<\/table>\n<p><span style=\"font-family: var(--global-body-font-family);\">Inspiration : God Of Fire, Stephane Humber Lucas<\/span><\/p>\n<p>100ml<\/p>","protected":false},"featured_media":16048,"comment_status":"open","ping_status":"closed","template":"","meta":{"_kadence_starter_templates_imported_post":false,"_kad_post_transparent":"default","_kad_post_title":"","_kad_post_layout":"default","_kad_post_sidebar_id":"","_kad_post_content_style":"default","_kad_post_vertical_padding":"default","_kad_post_feature":"","_kad_post_feature_position":"","_kad_post_header":false,"_kad_post_footer":false,"_kad_post_classname":""},"product_brand":[],"product_cat":[45],"product_tag":[],"class_list":{"0":"post-16043","1":"product","2":"type-product","3":"status-publish","4":"has-post-thumbnail","6":"product_cat-parfumerie","8":"first","9":"instock","10":"shipping-taxable","11":"purchasable","12":"product-type-simple","13":"entry","14":"content-bg","15":"loop-entry"},"supplier_id":null,"supplier_sku":"","barcode":null,"atum_controlled":true,"out_stock_date":null,"out_stock_threshold":null,"inheritable":false,"inbound_stock":0,"stock_on_hold":0,"sold_today":0,"sales_last_days":0,"reserved_stock":0,"customer_returns":0,"warehouse_damage":0,"lost_in_post":0,"other_logs":0,"out_stock_days":0,"lost_sales":0,"has_location":false,"update_date":"2026-05-14T05:17:53","atum_locations":[],"atum_stock_status":"instock","restock_status":false,"low_stock_amount":"","sales_update_date":"2026-05-14T05:17:53","calc_backorders":null,"jetpack_sharing_enabled":true,"_links":{"self":[{"href":"https:\/\/rahmati.fr\/en\/wp-json\/wp\/v2\/product\/16043","targetHints":{"allow":["GET"]}}],"collection":[{"href":"https:\/\/rahmati.fr\/en\/wp-json\/wp\/v2\/product"}],"about":[{"href":"https:\/\/rahmati.fr\/en\/wp-json\/wp\/v2\/types\/product"}],"replies":[{"embeddable":true,"href":"https:\/\/rahmati.fr\/en\/wp-json\/wp\/v2\/comments?post=16043"}],"wp:featuredmedia":[{"embeddable":true,"href":"https:\/\/rahmati.fr\/en\/wp-json\/wp\/v2\/media\/16048"}],"wp:attachment":[{"href":"https:\/\/rahmati.fr\/en\/wp-json\/wp\/v2\/media?parent=16043"}],"wp:term":[{"taxonomy":"product_brand","embeddable":true,"href":"https:\/\/rahmati.fr\/en\/wp-json\/wp\/v2\/product_brand?post=16043"},{"taxonomy":"product_cat","embeddable":true,"href":"https:\/\/rahmati.fr\/en\/wp-json\/wp\/v2\/product_cat?post=16043"},{"taxonomy":"product_tag","embeddable":true,"href":"https:\/\/rahmati.fr\/en\/wp-json\/wp\/v2\/product_tag?post=16043"}],"curies":[{"name":"wp","href":"https:\/\/api.w.org\/{rel}","templated":true}]}}