{"id":16042,"date":"2025-09-17T13:50:25","date_gmt":"2025-09-17T13:50:25","guid":{"rendered":"https:\/\/rahmati.fr\/?post_type=product&#038;p=16042"},"modified":"2026-02-04T11:50:40","modified_gmt":"2026-02-04T11:50:40","slug":"parfum-neroli-riviera-fragrance-world","status":"publish","type":"product","link":"https:\/\/rahmati.fr\/en\/boutique\/parfumerie\/parfum-neroli-riviera-fragrance-world\/","title":{"rendered":"Parfum Neroli Riviera | Fragrance World"},"content":{"rendered":"<p data-start=\"542\" data-end=\"766\"><strong data-start=\"545\" data-end=\"566\">Un parfum unisexe<\/strong>, id\u00e9al pour ceux qui recherchent une senteur propre, florale et ensoleill\u00e9e sans \u00eatre ent\u00eatante. La fra\u00eecheur du n\u00e9roli s\u2019\u00e9quilibre avec la douceur du musc pour un sillage subtil, \u00e9l\u00e9gant et durable.<\/p>\n<p data-start=\"768\" data-end=\"957\">Parfait pour le quotidien, les journ\u00e9es chaudes ou les rendez-vous \u00e9l\u00e9gants. Avec <strong data-start=\"853\" data-end=\"871\">Neroli Riviera<\/strong>, chaque vaporisation \u00e9voque une promenade en bord de mer sous les orangers en fleurs.<\/p>","protected":false},"excerpt":{"rendered":"<p class=\"h3\">Ingr\u00e9dients<\/p>\n<table class=\"table-params table-params-composition\">\n<tbody>\n<tr>\n<td><strong>T\u00eate<\/strong><\/td>\n<td>N\u00e9roli d\u2019Italie, Bergamote de Calabre<\/td>\n<\/tr>\n<tr>\n<td><strong>Le c\u0153ur<\/strong><\/td>\n<td>Fleur d\u2019oranger, Petitgrain, Lavande<\/td>\n<\/tr>\n<tr>\n<td><strong>Contexte<\/strong><\/td>\n<td>Muscs blancs, Ambre doux<\/td>\n<\/tr>\n<\/tbody>\n<\/table>\n<p>Inspiration : Neroli Portofino, Tom Ford<\/p>\n<p>80ml<\/p>","protected":false},"featured_media":16046,"comment_status":"open","ping_status":"closed","template":"","meta":{"_kadence_starter_templates_imported_post":false,"_kad_post_transparent":"default","_kad_post_title":"","_kad_post_layout":"default","_kad_post_sidebar_id":"","_kad_post_content_style":"default","_kad_post_vertical_padding":"default","_kad_post_feature":"","_kad_post_feature_position":"","_kad_post_header":false,"_kad_post_footer":false,"_kad_post_classname":""},"product_brand":[],"product_cat":[45],"product_tag":[],"class_list":{"0":"post-16042","1":"product","2":"type-product","3":"status-publish","4":"has-post-thumbnail","6":"product_cat-parfumerie","8":"first","9":"instock","10":"shipping-taxable","11":"purchasable","12":"product-type-simple","13":"entry","14":"content-bg","15":"loop-entry"},"supplier_id":null,"supplier_sku":"","barcode":null,"atum_controlled":true,"out_stock_date":null,"out_stock_threshold":null,"inheritable":false,"inbound_stock":0,"stock_on_hold":0,"sold_today":0,"sales_last_days":0,"reserved_stock":0,"customer_returns":0,"warehouse_damage":0,"lost_in_post":0,"other_logs":0,"out_stock_days":0,"lost_sales":0,"has_location":false,"update_date":"2026-05-14T05:17:49","atum_locations":[],"atum_stock_status":"instock","restock_status":false,"low_stock_amount":"","sales_update_date":"2026-05-14T05:17:49","calc_backorders":null,"jetpack_sharing_enabled":true,"_links":{"self":[{"href":"https:\/\/rahmati.fr\/en\/wp-json\/wp\/v2\/product\/16042","targetHints":{"allow":["GET"]}}],"collection":[{"href":"https:\/\/rahmati.fr\/en\/wp-json\/wp\/v2\/product"}],"about":[{"href":"https:\/\/rahmati.fr\/en\/wp-json\/wp\/v2\/types\/product"}],"replies":[{"embeddable":true,"href":"https:\/\/rahmati.fr\/en\/wp-json\/wp\/v2\/comments?post=16042"}],"wp:featuredmedia":[{"embeddable":true,"href":"https:\/\/rahmati.fr\/en\/wp-json\/wp\/v2\/media\/16046"}],"wp:attachment":[{"href":"https:\/\/rahmati.fr\/en\/wp-json\/wp\/v2\/media?parent=16042"}],"wp:term":[{"taxonomy":"product_brand","embeddable":true,"href":"https:\/\/rahmati.fr\/en\/wp-json\/wp\/v2\/product_brand?post=16042"},{"taxonomy":"product_cat","embeddable":true,"href":"https:\/\/rahmati.fr\/en\/wp-json\/wp\/v2\/product_cat?post=16042"},{"taxonomy":"product_tag","embeddable":true,"href":"https:\/\/rahmati.fr\/en\/wp-json\/wp\/v2\/product_tag?post=16042"}],"curies":[{"name":"wp","href":"https:\/\/api.w.org\/{rel}","templated":true}]}}