{"id":15891,"date":"2025-08-12T13:50:28","date_gmt":"2025-08-12T13:50:28","guid":{"rendered":"https:\/\/rahmati.fr\/?post_type=product&#038;p=15891"},"modified":"2026-03-22T22:16:00","modified_gmt":"2026-03-22T22:16:00","slug":"chachia-cairo-gris","status":"publish","type":"product","link":"https:\/\/rahmati.fr\/en\/boutique\/vetements\/chachia-cairo-gris\/","title":{"rendered":"Chachia Cairo | gris"},"content":{"rendered":"<p>Guide des tailles :<br \/>\n(en tour de t\u00eate)<\/p>\n<p>57-59cm = L<br \/>\n60-61cm = XL<br \/>\n61-62cm = XXL<\/p>","protected":false},"excerpt":{"rendered":"<p>Explorez la maestria de l&rsquo;artisanat \u00e9gyptien \u00e0 travers notre Chachia Cairo. Chaque exemplaire de cette chachia est le fruit d&rsquo;un savoir-faire ancestral transmis de g\u00e9n\u00e9ration en g\u00e9n\u00e9ration dans les ruelles du Caire, o\u00f9 l&rsquo;art de la broderie et de la confection est une tradition bien ancr\u00e9e.<\/p>","protected":false},"featured_media":16738,"comment_status":"closed","ping_status":"closed","template":"","meta":{"_kadence_starter_templates_imported_post":false,"_kad_post_transparent":"default","_kad_post_title":"","_kad_post_layout":"default","_kad_post_sidebar_id":"","_kad_post_content_style":"default","_kad_post_vertical_padding":"default","_kad_post_feature":"","_kad_post_feature_position":"","_kad_post_header":false,"_kad_post_footer":false,"_kad_post_classname":""},"product_brand":[],"product_cat":[48,47],"product_tag":[],"class_list":{"0":"post-15891","1":"product","2":"type-product","3":"status-publish","4":"has-post-thumbnail","6":"product_cat-vetements","7":"product_cat-chachiya","9":"first","10":"instock","11":"shipping-taxable","12":"purchasable","13":"product-type-variable","14":"entry","15":"content-bg","16":"loop-entry"},"supplier_id":null,"supplier_sku":"","barcode":null,"atum_controlled":true,"out_stock_date":null,"out_stock_threshold":null,"inheritable":true,"inbound_stock":0,"stock_on_hold":0,"sold_today":0,"sales_last_days":0,"reserved_stock":0,"customer_returns":0,"warehouse_damage":0,"lost_in_post":0,"other_logs":0,"out_stock_days":0,"lost_sales":0,"has_location":false,"update_date":"2026-05-14T05:17:52","atum_locations":[],"atum_stock_status":"instock","restock_status":false,"low_stock_amount":"","sales_update_date":"2026-05-14T05:17:52","calc_backorders":null,"jetpack_sharing_enabled":true,"_links":{"self":[{"href":"https:\/\/rahmati.fr\/en\/wp-json\/wp\/v2\/product\/15891","targetHints":{"allow":["GET"]}}],"collection":[{"href":"https:\/\/rahmati.fr\/en\/wp-json\/wp\/v2\/product"}],"about":[{"href":"https:\/\/rahmati.fr\/en\/wp-json\/wp\/v2\/types\/product"}],"replies":[{"embeddable":true,"href":"https:\/\/rahmati.fr\/en\/wp-json\/wp\/v2\/comments?post=15891"}],"wp:featuredmedia":[{"embeddable":true,"href":"https:\/\/rahmati.fr\/en\/wp-json\/wp\/v2\/media\/16738"}],"wp:attachment":[{"href":"https:\/\/rahmati.fr\/en\/wp-json\/wp\/v2\/media?parent=15891"}],"wp:term":[{"taxonomy":"product_brand","embeddable":true,"href":"https:\/\/rahmati.fr\/en\/wp-json\/wp\/v2\/product_brand?post=15891"},{"taxonomy":"product_cat","embeddable":true,"href":"https:\/\/rahmati.fr\/en\/wp-json\/wp\/v2\/product_cat?post=15891"},{"taxonomy":"product_tag","embeddable":true,"href":"https:\/\/rahmati.fr\/en\/wp-json\/wp\/v2\/product_tag?post=15891"}],"curies":[{"name":"wp","href":"https:\/\/api.w.org\/{rel}","templated":true}]}}