{"id":15856,"date":"2025-08-12T13:08:34","date_gmt":"2025-08-12T13:08:34","guid":{"rendered":"https:\/\/rahmati.fr\/?post_type=product&#038;p=15856"},"modified":"2026-03-16T21:18:42","modified_gmt":"2026-03-16T21:18:42","slug":"chachia-cairo-aurore","status":"publish","type":"product","link":"https:\/\/rahmati.fr\/en\/boutique\/vetements\/chachia-cairo-aurore\/","title":{"rendered":"Chachia Cairo | aurore"},"content":{"rendered":"<p>Guide des tailles :<br \/>\n(en tour de t\u00eate)<\/p>\n<p>57-59cm = L<br \/>\n60-61cm = XL<br \/>\n61-62cm = XXL<\/p>","protected":false},"excerpt":{"rendered":"<p>Explorez la maestria de l&rsquo;artisanat \u00e9gyptien \u00e0 travers notre Chachia Cairo. Chaque exemplaire de cette chachia est le fruit d&rsquo;un savoir-faire ancestral transmis de g\u00e9n\u00e9ration en g\u00e9n\u00e9ration dans les ruelles du Caire, o\u00f9 l&rsquo;art de la broderie et de la confection est une tradition bien ancr\u00e9e.<\/p>","protected":false},"featured_media":16741,"comment_status":"closed","ping_status":"closed","template":"","meta":{"_kadence_starter_templates_imported_post":false,"_kad_post_transparent":"default","_kad_post_title":"","_kad_post_layout":"default","_kad_post_sidebar_id":"","_kad_post_content_style":"default","_kad_post_vertical_padding":"default","_kad_post_feature":"","_kad_post_feature_position":"","_kad_post_header":false,"_kad_post_footer":false,"_kad_post_classname":""},"product_brand":[],"product_cat":[48,47],"product_tag":[],"class_list":{"0":"post-15856","1":"product","2":"type-product","3":"status-publish","4":"has-post-thumbnail","6":"product_cat-vetements","7":"product_cat-chachiya","9":"first","10":"outofstock","11":"featured","12":"shipping-taxable","13":"purchasable","14":"product-type-variable","15":"entry","16":"content-bg","17":"loop-entry"},"supplier_id":null,"supplier_sku":"","barcode":null,"atum_controlled":true,"out_stock_date":null,"out_stock_threshold":null,"inheritable":true,"inbound_stock":null,"stock_on_hold":0,"sold_today":0,"sales_last_days":0,"reserved_stock":null,"customer_returns":null,"warehouse_damage":null,"lost_in_post":null,"other_logs":null,"out_stock_days":0,"lost_sales":0,"has_location":false,"update_date":"2026-05-14T05:17:49","atum_locations":[],"atum_stock_status":"outofstock","restock_status":false,"low_stock_amount":"","sales_update_date":"2026-05-14T05:17:49","calc_backorders":null,"jetpack_sharing_enabled":true,"_links":{"self":[{"href":"https:\/\/rahmati.fr\/en\/wp-json\/wp\/v2\/product\/15856","targetHints":{"allow":["GET"]}}],"collection":[{"href":"https:\/\/rahmati.fr\/en\/wp-json\/wp\/v2\/product"}],"about":[{"href":"https:\/\/rahmati.fr\/en\/wp-json\/wp\/v2\/types\/product"}],"replies":[{"embeddable":true,"href":"https:\/\/rahmati.fr\/en\/wp-json\/wp\/v2\/comments?post=15856"}],"wp:featuredmedia":[{"embeddable":true,"href":"https:\/\/rahmati.fr\/en\/wp-json\/wp\/v2\/media\/16741"}],"wp:attachment":[{"href":"https:\/\/rahmati.fr\/en\/wp-json\/wp\/v2\/media?parent=15856"}],"wp:term":[{"taxonomy":"product_brand","embeddable":true,"href":"https:\/\/rahmati.fr\/en\/wp-json\/wp\/v2\/product_brand?post=15856"},{"taxonomy":"product_cat","embeddable":true,"href":"https:\/\/rahmati.fr\/en\/wp-json\/wp\/v2\/product_cat?post=15856"},{"taxonomy":"product_tag","embeddable":true,"href":"https:\/\/rahmati.fr\/en\/wp-json\/wp\/v2\/product_tag?post=15856"}],"curies":[{"name":"wp","href":"https:\/\/api.w.org\/{rel}","templated":true}]}}