{"id":15107,"date":"2025-03-21T11:29:53","date_gmt":"2025-03-21T11:29:53","guid":{"rendered":"https:\/\/rahmati.fr\/?post_type=product&#038;p=15107"},"modified":"2026-02-04T11:52:42","modified_gmt":"2026-02-04T11:52:42","slug":"parfum-oud-noir-khadlaj","status":"publish","type":"product","link":"https:\/\/rahmati.fr\/en\/boutique\/parfumerie\/parfum-oud-noir-khadlaj\/","title":{"rendered":"Parfum Oud Noir | Khadlaj"},"content":{"rendered":"<p><strong>Khadlaj Oud Noir<\/strong> est un parfum qui capture l&rsquo;essence du <strong>myst\u00e8re<\/strong> et de l&rsquo;<strong>attraction<\/strong>. Cette eau de toilette enchanteresse est une invitation \u00e0 voyager dans les profondeurs d&rsquo;un <strong>oud<\/strong> riche et fum\u00e9, entrelac\u00e9 d&rsquo;accords luxueux et aromatiques, cr\u00e9ant une exp\u00e9rience olfactive v\u00e9ritablement envo\u00fbtante.<\/p>\n<p>Au d\u00e9but, le parfum se r\u00e9chauffe avec des notes \u00e9pic\u00e9es qui se m\u00ealent au safran et \u00e0 la framboise pour cr\u00e9er un d\u00e9part myst\u00e9rieux et fougueux. Les <strong>\u00e9pices<\/strong> chaudes et exotiques se m\u00ealent harmonieusement \u00e0 la douceur sensuelle de la framboise, ouvrant la voie \u00e0 une aventure enchanteresse. Au fur et \u00e0 mesure que le parfum se d\u00e9veloppe, une combinaison fascinante d&rsquo;encens, de rose et de cypriol \u00e9merge. Les notes aromatiques et mystiques de l&rsquo;encens emplissent l&rsquo;espace d&rsquo;une aura de myst\u00e8re et de spiritualit\u00e9, tandis que l&rsquo;essence d\u00e9licate de la rose ajoute une touche d&rsquo;\u00e9l\u00e9gance et de beaut\u00e9.<\/p>\n<p>En fond, la fragrance est ancr\u00e9e par un charmant m\u00e9lange d&rsquo;accords de <strong>patchouli<\/strong>, d&rsquo;oud et d&rsquo;ambre. Les notes terreuses et musqu\u00e9es du patchouli cr\u00e9ent une base solide, tandis que l&rsquo;oud fum\u00e9 ajoute de la profondeur et de l&rsquo;intensit\u00e9. Les notes chaudes d&rsquo;ambre ajoutent de la sensualit\u00e9 et de l&rsquo;attrait, laissant une impression durable. Khadlaj Oud Noir est donc un excellent choix pour ceux qui recherchent une exp\u00e9rience unique et s\u00e9duisante.<\/p>","protected":false},"excerpt":{"rendered":"<p class=\"h3\">Ingr\u00e9dients<\/p>\n<table class=\"table-params table-params-composition\">\n<tbody>\n<tr>\n<td><strong>T\u00eate<\/strong><\/td>\n<td>Notes \u00e9pic\u00e9es, Framboise, Safran<\/td>\n<\/tr>\n<tr>\n<td><strong>Le c\u0153ur<\/strong><\/td>\n<td>Rose, Encens, Cypriol<\/td>\n<\/tr>\n<tr>\n<td><strong>Contexte<\/strong><\/td>\n<td>Ambre, Bois d&rsquo;agar (Oud), Patchouli<\/td>\n<\/tr>\n<\/tbody>\n<\/table>","protected":false},"featured_media":15117,"comment_status":"closed","ping_status":"closed","template":"","meta":{"_kadence_starter_templates_imported_post":false,"_kad_post_transparent":"default","_kad_post_title":"","_kad_post_layout":"default","_kad_post_sidebar_id":"","_kad_post_content_style":"default","_kad_post_vertical_padding":"default","_kad_post_feature":"","_kad_post_feature_position":"","_kad_post_header":false,"_kad_post_footer":false,"_kad_post_classname":""},"product_brand":[],"product_cat":[45],"product_tag":[],"class_list":{"0":"post-15107","1":"product","2":"type-product","3":"status-publish","4":"has-post-thumbnail","6":"product_cat-parfumerie","8":"first","9":"instock","10":"shipping-taxable","11":"purchasable","12":"product-type-simple","13":"entry","14":"content-bg","15":"loop-entry"},"supplier_id":null,"supplier_sku":"","barcode":null,"atum_controlled":true,"out_stock_date":null,"out_stock_threshold":null,"inheritable":false,"inbound_stock":0,"stock_on_hold":0,"sold_today":0,"sales_last_days":0,"reserved_stock":0,"customer_returns":0,"warehouse_damage":0,"lost_in_post":0,"other_logs":0,"out_stock_days":0,"lost_sales":0,"has_location":false,"update_date":"2026-05-14T05:17:46","atum_locations":[],"atum_stock_status":"instock","restock_status":false,"low_stock_amount":"","sales_update_date":"2026-05-14T05:17:46","calc_backorders":null,"jetpack_sharing_enabled":true,"_links":{"self":[{"href":"https:\/\/rahmati.fr\/en\/wp-json\/wp\/v2\/product\/15107","targetHints":{"allow":["GET"]}}],"collection":[{"href":"https:\/\/rahmati.fr\/en\/wp-json\/wp\/v2\/product"}],"about":[{"href":"https:\/\/rahmati.fr\/en\/wp-json\/wp\/v2\/types\/product"}],"replies":[{"embeddable":true,"href":"https:\/\/rahmati.fr\/en\/wp-json\/wp\/v2\/comments?post=15107"}],"wp:featuredmedia":[{"embeddable":true,"href":"https:\/\/rahmati.fr\/en\/wp-json\/wp\/v2\/media\/15117"}],"wp:attachment":[{"href":"https:\/\/rahmati.fr\/en\/wp-json\/wp\/v2\/media?parent=15107"}],"wp:term":[{"taxonomy":"product_brand","embeddable":true,"href":"https:\/\/rahmati.fr\/en\/wp-json\/wp\/v2\/product_brand?post=15107"},{"taxonomy":"product_cat","embeddable":true,"href":"https:\/\/rahmati.fr\/en\/wp-json\/wp\/v2\/product_cat?post=15107"},{"taxonomy":"product_tag","embeddable":true,"href":"https:\/\/rahmati.fr\/en\/wp-json\/wp\/v2\/product_tag?post=15107"}],"curies":[{"name":"wp","href":"https:\/\/api.w.org\/{rel}","templated":true}]}}