{"id":14876,"date":"2025-03-08T08:47:40","date_gmt":"2025-03-08T08:47:40","guid":{"rendered":"https:\/\/rahmati.fr\/?post_type=product&#038;p=14876"},"modified":"2026-03-09T18:50:55","modified_gmt":"2026-03-09T18:50:55","slug":"14876","status":"publish","type":"product","link":"https:\/\/rahmati.fr\/en\/boutique\/sweat\/14876\/","title":{"rendered":"Sweat Palestine"},"content":{"rendered":"<p data-start=\"51\" data-end=\"369\"><strong data-start=\"837\" data-end=\"865\" data-is-last-node=\"\">\ud83c\uddf5\ud83c\uddf8 Un sweat, une voix.<\/strong><\/p>\n<p>Un noir profond, comme la nuit \u00e9toil\u00e9e du d\u00e9sert. Une broderie blanche, pure et \u00e9clatante, \u00e0 l\u2019image d\u2019une lueur d\u2019espoir dans l\u2019obscurit\u00e9. Sur la poitrine, un seul mot, mais charg\u00e9 d\u2019histoire et de r\u00e9sistance : <strong data-start=\"263\" data-end=\"273\">\u00ab\u00a0Gaza\u00a0\u00bb<\/strong>, trac\u00e9 en une calligraphie arabe fluide et majestueuse, telle une brise effleurant les dunes.<\/p>\n<p>Il n\u2019est pas seulement un v\u00eatement, mais une d\u00e9claration, une pr\u00e9sence, un hommage \u00e0 une terre et \u00e0 un peuple.<\/p>\n<p>Plus qu\u2019un style, une identit\u00e9. Plus qu\u2019un message, un symbole.<\/p>\n<p data-start=\"837\" data-end=\"865\" data-is-last-node=\"\" data-is-only-node=\"\">","protected":false},"excerpt":{"rendered":"<p data-start=\"51\" data-end=\"369\"><strong data-start=\"837\" data-end=\"865\" data-is-last-node=\"\">\ud83c\uddf5\ud83c\uddf8 Un sweat, une voix.<\/strong><\/p>\n<p>Un noir profond, comme la nuit \u00e9toil\u00e9e du d\u00e9sert. Une broderie blanche, pure et \u00e9clatante, \u00e0 l\u2019image d\u2019une lueur d\u2019espoir dans l\u2019obscurit\u00e9. Sur la poitrine, un seul mot, mais charg\u00e9 d\u2019histoire et de r\u00e9sistance : <strong data-start=\"263\" data-end=\"273\">\u00ab\u00a0Gaza\u00a0\u00bb<\/strong>, trac\u00e9 en une calligraphie arabe fluide et majestueuse, telle une brise effleurant les dunes.<\/p>\n<p>Il n\u2019est pas seulement un v\u00eatement, mais une d\u00e9claration, une pr\u00e9sence, un hommage \u00e0 une terre et \u00e0 un peuple.<\/p>\n<p>Plus qu\u2019un style, une identit\u00e9. Plus qu\u2019un message, un symbole.<\/p>\n<p data-start=\"837\" data-end=\"865\" data-is-last-node=\"\" data-is-only-node=\"\">","protected":false},"featured_media":14828,"comment_status":"closed","ping_status":"closed","template":"","meta":{"_kadence_starter_templates_imported_post":false,"_kad_post_transparent":"default","_kad_post_title":"","_kad_post_layout":"default","_kad_post_sidebar_id":"","_kad_post_content_style":"default","_kad_post_vertical_padding":"default","_kad_post_feature":"","_kad_post_feature_position":"","_kad_post_header":false,"_kad_post_footer":false,"_kad_post_classname":""},"product_brand":[],"product_cat":[58,72],"product_tag":[],"class_list":{"0":"post-14876","1":"product","2":"type-product","3":"status-publish","4":"has-post-thumbnail","6":"product_cat-sweat","7":"product_cat-teeshirt-sweat","9":"first","10":"instock","11":"shipping-taxable","12":"purchasable","13":"product-type-variable","14":"entry","15":"content-bg","16":"loop-entry"},"supplier_id":null,"supplier_sku":"","barcode":null,"atum_controlled":true,"out_stock_date":null,"out_stock_threshold":null,"inheritable":false,"inbound_stock":0,"stock_on_hold":0,"sold_today":0,"sales_last_days":0,"reserved_stock":0,"customer_returns":0,"warehouse_damage":0,"lost_in_post":0,"other_logs":0,"out_stock_days":0,"lost_sales":0,"has_location":false,"update_date":"2026-05-14T05:17:49","atum_locations":[],"atum_stock_status":"instock","restock_status":false,"low_stock_amount":"","sales_update_date":"2026-05-14T05:17:49","calc_backorders":null,"jetpack_sharing_enabled":true,"_links":{"self":[{"href":"https:\/\/rahmati.fr\/en\/wp-json\/wp\/v2\/product\/14876","targetHints":{"allow":["GET"]}}],"collection":[{"href":"https:\/\/rahmati.fr\/en\/wp-json\/wp\/v2\/product"}],"about":[{"href":"https:\/\/rahmati.fr\/en\/wp-json\/wp\/v2\/types\/product"}],"replies":[{"embeddable":true,"href":"https:\/\/rahmati.fr\/en\/wp-json\/wp\/v2\/comments?post=14876"}],"wp:featuredmedia":[{"embeddable":true,"href":"https:\/\/rahmati.fr\/en\/wp-json\/wp\/v2\/media\/14828"}],"wp:attachment":[{"href":"https:\/\/rahmati.fr\/en\/wp-json\/wp\/v2\/media?parent=14876"}],"wp:term":[{"taxonomy":"product_brand","embeddable":true,"href":"https:\/\/rahmati.fr\/en\/wp-json\/wp\/v2\/product_brand?post=14876"},{"taxonomy":"product_cat","embeddable":true,"href":"https:\/\/rahmati.fr\/en\/wp-json\/wp\/v2\/product_cat?post=14876"},{"taxonomy":"product_tag","embeddable":true,"href":"https:\/\/rahmati.fr\/en\/wp-json\/wp\/v2\/product_tag?post=14876"}],"curies":[{"name":"wp","href":"https:\/\/api.w.org\/{rel}","templated":true}]}}