{"id":12828,"date":"2024-05-18T18:29:13","date_gmt":"2024-05-18T18:29:13","guid":{"rendered":"https:\/\/rahmati.fr\/?post_type=product&#038;p=12828"},"modified":"2025-03-08T08:55:36","modified_gmt":"2025-03-08T08:55:36","slug":"pantalon-jakarta-bleu-nuit","status":"publish","type":"product","link":"https:\/\/rahmati.fr\/en\/boutique\/ensembles\/pantalon-jakarta-bleu-nuit\/","title":{"rendered":"Pantalon Jakarta | bleu nuit"},"content":{"rendered":"<p><span data-tt=\"{&quot;paragraphStyle&quot;:{&quot;alignment&quot;:4,&quot;writingDirection&quot;:1}}\">Directement inspir\u00e9 des tendances internationales et fabriqu\u00e9e avec soin en Indon\u00e9sie. Cet ensemble, compos\u00e9 d&rsquo;un pantalon et d&rsquo;une veste chemise en corduroy, est con\u00e7u pour ceux qui appr\u00e9cient la qualit\u00e9 et le style intemporel.<\/span><\/p>\n<p>Que vous vous rendiez \u00e0 une r\u00e9union professionnelle, \u00e0 un d\u00eener ou que vous souhaitiez simplement adopter un style \u00e9l\u00e9gant au quotidien, cet ensemble en corduroy est la r\u00e9ponse \u00e0 vos besoins. Sa confection soign\u00e9e et son design intemporel en font une pi\u00e8ce incontournable de votre garde-robe tout en respectant les codes du v\u00eatement islamique.<\/p>","protected":false},"excerpt":{"rendered":"<p><span data-tt=\"{&quot;paragraphStyle&quot;:{&quot;alignment&quot;:4}}\">Directement inspir\u00e9 des tendances internationales et fabriqu\u00e9e avec soin en Indon\u00e9sie. Cet ensemble, compos\u00e9 d&rsquo;un pantalon et d&rsquo;une veste chemise en corduroy, est con\u00e7u pour ceux qui appr\u00e9cient la qualit\u00e9 et le style intemporel.<\/span><\/p>\n<p>Que vous vous rendiez \u00e0 une r\u00e9union professionnelle, \u00e0 un d\u00eener ou que vous souhaitiez simplement adopter un style \u00e9l\u00e9gant au quotidien, cet ensemble en corduroy est la r\u00e9ponse \u00e0 vos besoins. Sa confection soign\u00e9e et son design intemporel en font une pi\u00e8ce incontournable de votre garde-robe tout en respectant les codes du v\u00eatement islamique.<\/p>","protected":false},"featured_media":13197,"comment_status":"closed","ping_status":"closed","template":"","meta":{"_kadence_starter_templates_imported_post":false,"_kad_post_transparent":"default","_kad_post_title":"","_kad_post_layout":"default","_kad_post_sidebar_id":"","_kad_post_content_style":"default","_kad_post_vertical_padding":"default","_kad_post_feature":"","_kad_post_feature_position":"","_kad_post_header":false,"_kad_post_footer":false,"_kad_post_classname":""},"product_brand":[],"product_cat":[75,72],"product_tag":[],"class_list":{"0":"post-12828","1":"product","2":"type-product","3":"status-publish","4":"has-post-thumbnail","6":"product_cat-ensembles","7":"product_cat-teeshirt-sweat","9":"first","10":"instock","11":"sale","12":"featured","13":"shipping-taxable","14":"purchasable","15":"product-type-variable","16":"entry","17":"content-bg","18":"loop-entry"},"supplier_id":null,"supplier_sku":"","barcode":null,"atum_controlled":true,"out_stock_date":null,"out_stock_threshold":null,"inheritable":false,"inbound_stock":0,"stock_on_hold":0,"sold_today":0,"sales_last_days":0,"reserved_stock":0,"customer_returns":0,"warehouse_damage":0,"lost_in_post":0,"other_logs":0,"out_stock_days":0,"lost_sales":0,"has_location":false,"update_date":"2026-05-14T05:17:47","atum_locations":[],"atum_stock_status":"instock","restock_status":false,"low_stock_amount":"","sales_update_date":"2026-05-14T05:17:47","calc_backorders":null,"jetpack_sharing_enabled":true,"_links":{"self":[{"href":"https:\/\/rahmati.fr\/en\/wp-json\/wp\/v2\/product\/12828","targetHints":{"allow":["GET"]}}],"collection":[{"href":"https:\/\/rahmati.fr\/en\/wp-json\/wp\/v2\/product"}],"about":[{"href":"https:\/\/rahmati.fr\/en\/wp-json\/wp\/v2\/types\/product"}],"replies":[{"embeddable":true,"href":"https:\/\/rahmati.fr\/en\/wp-json\/wp\/v2\/comments?post=12828"}],"wp:featuredmedia":[{"embeddable":true,"href":"https:\/\/rahmati.fr\/en\/wp-json\/wp\/v2\/media\/13197"}],"wp:attachment":[{"href":"https:\/\/rahmati.fr\/en\/wp-json\/wp\/v2\/media?parent=12828"}],"wp:term":[{"taxonomy":"product_brand","embeddable":true,"href":"https:\/\/rahmati.fr\/en\/wp-json\/wp\/v2\/product_brand?post=12828"},{"taxonomy":"product_cat","embeddable":true,"href":"https:\/\/rahmati.fr\/en\/wp-json\/wp\/v2\/product_cat?post=12828"},{"taxonomy":"product_tag","embeddable":true,"href":"https:\/\/rahmati.fr\/en\/wp-json\/wp\/v2\/product_tag?post=12828"}],"curies":[{"name":"wp","href":"https:\/\/api.w.org\/{rel}","templated":true}]}}