{"id":10088,"date":"2024-01-26T19:01:56","date_gmt":"2024-01-26T19:01:56","guid":{"rendered":"https:\/\/rahmati.fr\/?post_type=product&#038;p=10088"},"modified":"2026-04-28T14:37:10","modified_gmt":"2026-04-28T14:37:10","slug":"shemagh-yemenite-gold","status":"publish","type":"product","link":"https:\/\/rahmati.fr\/en\/boutique\/shemagh\/shemagh-yemenite-gold\/","title":{"rendered":"Y\u00e9m\u00e9nite Kinz | or"},"content":{"rendered":"<p>Le Shemagh Y\u00e9m\u00e9nite Gold\u00a0 est une douceur visuelle de l&rsquo;opulence et de l&rsquo;\u00e9l\u00e9gance du Y\u00e9men. Cette teinte dor\u00e9e n&rsquo;est pas simplement une couleur, elle refl\u00e8te la richesse culturelle, les traditions chatoyantes, et le raffinement artisanal du Y\u00e9men.<\/p>","protected":false},"excerpt":{"rendered":"<p>Le Shemagh Y\u00e9m\u00e9nite Gold\u00a0 est une douceur visuelle de l&rsquo;opulence et de l&rsquo;\u00e9l\u00e9gance du Y\u00e9men. Cette teinte dor\u00e9e n&rsquo;est pas simplement une couleur, elle refl\u00e8te la richesse culturelle, les traditions chatoyantes, et le raffinement artisanal du Y\u00e9men.<\/p>","protected":false},"featured_media":16897,"comment_status":"closed","ping_status":"closed","template":"","meta":{"_kadence_starter_templates_imported_post":false,"_kad_post_transparent":"default","_kad_post_title":"","_kad_post_layout":"default","_kad_post_sidebar_id":"","_kad_post_content_style":"default","_kad_post_vertical_padding":"default","_kad_post_feature":"","_kad_post_feature_position":"","_kad_post_header":false,"_kad_post_footer":false,"_kad_post_classname":""},"product_brand":[],"product_cat":[46,48,76],"product_tag":[],"class_list":{"0":"post-10088","1":"product","2":"type-product","3":"status-publish","4":"has-post-thumbnail","6":"product_cat-shemagh","7":"product_cat-vetements","8":"product_cat-yemenite","10":"first","11":"outofstock","12":"featured","13":"shipping-taxable","14":"purchasable","15":"product-type-simple","16":"entry","17":"content-bg","18":"loop-entry"},"supplier_id":null,"supplier_sku":"","barcode":null,"atum_controlled":true,"out_stock_date":"2026-04-28 14:37:11","out_stock_threshold":null,"inheritable":false,"inbound_stock":0,"stock_on_hold":1,"sold_today":0,"sales_last_days":0,"reserved_stock":0,"customer_returns":0,"warehouse_damage":0,"lost_in_post":0,"other_logs":0,"out_stock_days":15,"lost_sales":85,"has_location":false,"update_date":"2026-05-14T05:17:52","atum_locations":[],"atum_stock_status":"outofstock","restock_status":false,"low_stock_amount":"","sales_update_date":"2026-05-14T05:17:52","calc_backorders":null,"jetpack_sharing_enabled":true,"_links":{"self":[{"href":"https:\/\/rahmati.fr\/en\/wp-json\/wp\/v2\/product\/10088","targetHints":{"allow":["GET"]}}],"collection":[{"href":"https:\/\/rahmati.fr\/en\/wp-json\/wp\/v2\/product"}],"about":[{"href":"https:\/\/rahmati.fr\/en\/wp-json\/wp\/v2\/types\/product"}],"replies":[{"embeddable":true,"href":"https:\/\/rahmati.fr\/en\/wp-json\/wp\/v2\/comments?post=10088"}],"wp:featuredmedia":[{"embeddable":true,"href":"https:\/\/rahmati.fr\/en\/wp-json\/wp\/v2\/media\/16897"}],"wp:attachment":[{"href":"https:\/\/rahmati.fr\/en\/wp-json\/wp\/v2\/media?parent=10088"}],"wp:term":[{"taxonomy":"product_brand","embeddable":true,"href":"https:\/\/rahmati.fr\/en\/wp-json\/wp\/v2\/product_brand?post=10088"},{"taxonomy":"product_cat","embeddable":true,"href":"https:\/\/rahmati.fr\/en\/wp-json\/wp\/v2\/product_cat?post=10088"},{"taxonomy":"product_tag","embeddable":true,"href":"https:\/\/rahmati.fr\/en\/wp-json\/wp\/v2\/product_tag?post=10088"}],"curies":[{"name":"wp","href":"https:\/\/api.w.org\/{rel}","templated":true}]}}